{"id":204,"date":"2023-01-26T16:40:33","date_gmt":"2023-01-26T16:40:33","guid":{"rendered":"http:\/\/cariloarte.com\/admin\/?page_id=204"},"modified":"2023-02-15T15:54:48","modified_gmt":"2023-02-15T15:54:48","slug":"gabriel-berlusconi","status":"publish","type":"page","link":"https:\/\/cariloarte.com.ar\/admin\/gabriel-berlusconi\/","title":{"rendered":"Berlusconi Gabriel"},"content":{"rendered":"\n<div class=\"wp-block-columns is-layout-flex wp-container-core-columns-is-layout-1 wp-block-columns-is-layout-flex\">\n<div class=\"wp-block-column is-layout-flow wp-block-column-is-layout-flow\">\n<figure class=\"wp-block-image size-large\"><a href=\"http:\/\/cariloarte.com\/admin\/wp-content\/uploads\/2023\/02\/VERMELL-DE-FUSTA-I-ESTRELLES-acrilico-y-lapiz-color-s_tela-150-x-150-cm.jpeg\"><img loading=\"lazy\" decoding=\"async\" width=\"1013\" height=\"1024\" src=\"http:\/\/cariloarte.com\/admin\/wp-content\/uploads\/2023\/02\/VERMELL-DE-FUSTA-I-ESTRELLES-acrilico-y-lapiz-color-s_tela-150-x-150-cm-1013x1024.jpeg\" alt=\"\" class=\"wp-image-247\" srcset=\"https:\/\/cariloarte.com.ar\/admin\/wp-content\/uploads\/2023\/02\/VERMELL-DE-FUSTA-I-ESTRELLES-acrilico-y-lapiz-color-s_tela-150-x-150-cm-1013x1024.jpeg 1013w, https:\/\/cariloarte.com.ar\/admin\/wp-content\/uploads\/2023\/02\/VERMELL-DE-FUSTA-I-ESTRELLES-acrilico-y-lapiz-color-s_tela-150-x-150-cm-297x300.jpeg 297w, https:\/\/cariloarte.com.ar\/admin\/wp-content\/uploads\/2023\/02\/VERMELL-DE-FUSTA-I-ESTRELLES-acrilico-y-lapiz-color-s_tela-150-x-150-cm-768x776.jpeg 768w, https:\/\/cariloarte.com.ar\/admin\/wp-content\/uploads\/2023\/02\/VERMELL-DE-FUSTA-I-ESTRELLES-acrilico-y-lapiz-color-s_tela-150-x-150-cm-100x100.jpeg 100w, https:\/\/cariloarte.com.ar\/admin\/wp-content\/uploads\/2023\/02\/VERMELL-DE-FUSTA-I-ESTRELLES-acrilico-y-lapiz-color-s_tela-150-x-150-cm.jpeg 1266w\" sizes=\"auto, (max-width: 1013px) 100vw, 1013px\" \/><\/a><figcaption class=\"wp-element-caption\">Vermell de Fusta i estrelles <br>Acr\u00edlico y l\u00e1piz color sobre tela 150&#215;150 cm<\/figcaption><\/figure>\n<\/div>\n\n\n\n<div class=\"wp-block-column is-layout-flow wp-block-column-is-layout-flow\">\n<figure class=\"wp-block-image size-large is-resized\"><a href=\"https:\/\/cariloarte.com.ar\/admin\/wp-content\/uploads\/2023\/02\/WhatsApp-Image-2023-02-14-at-21.47.13.jpeg\"><img loading=\"lazy\" decoding=\"async\" src=\"https:\/\/cariloarte.com.ar\/admin\/wp-content\/uploads\/2023\/02\/WhatsApp-Image-2023-02-14-at-21.47.13-1024x546.jpeg\" alt=\"\" class=\"wp-image-442\" width=\"485\" height=\"258\" srcset=\"https:\/\/cariloarte.com.ar\/admin\/wp-content\/uploads\/2023\/02\/WhatsApp-Image-2023-02-14-at-21.47.13-1024x546.jpeg 1024w, https:\/\/cariloarte.com.ar\/admin\/wp-content\/uploads\/2023\/02\/WhatsApp-Image-2023-02-14-at-21.47.13-300x160.jpeg 300w, https:\/\/cariloarte.com.ar\/admin\/wp-content\/uploads\/2023\/02\/WhatsApp-Image-2023-02-14-at-21.47.13-768x410.jpeg 768w, https:\/\/cariloarte.com.ar\/admin\/wp-content\/uploads\/2023\/02\/WhatsApp-Image-2023-02-14-at-21.47.13.jpeg 1280w\" sizes=\"auto, (max-width: 485px) 100vw, 485px\" \/><\/a><\/figure>\n<\/div>\n<\/div>\n\n\n\n<div class=\"wp-block-columns is-layout-flex wp-container-core-columns-is-layout-2 wp-block-columns-is-layout-flex\">\n<div class=\"wp-block-column is-layout-flow wp-block-column-is-layout-flow\">\n<figure class=\"wp-block-image size-large\"><a href=\"https:\/\/cariloarte.com.ar\/admin\/wp-content\/uploads\/2023\/02\/LA-PAJARITA-DE-PAPEL-MANILA-acrilico-y-lapiz-color-s_tela-150-x-150-cm1-scaled.jpg\"><img loading=\"lazy\" decoding=\"async\" width=\"1024\" height=\"1024\" src=\"https:\/\/cariloarte.com.ar\/admin\/wp-content\/uploads\/2023\/02\/LA-PAJARITA-DE-PAPEL-MANILA-acrilico-y-lapiz-color-s_tela-150-x-150-cm1-1024x1024.jpg\" alt=\"\" class=\"wp-image-467\" srcset=\"https:\/\/cariloarte.com.ar\/admin\/wp-content\/uploads\/2023\/02\/LA-PAJARITA-DE-PAPEL-MANILA-acrilico-y-lapiz-color-s_tela-150-x-150-cm1-1024x1024.jpg 1024w, https:\/\/cariloarte.com.ar\/admin\/wp-content\/uploads\/2023\/02\/LA-PAJARITA-DE-PAPEL-MANILA-acrilico-y-lapiz-color-s_tela-150-x-150-cm1-300x300.jpg 300w, https:\/\/cariloarte.com.ar\/admin\/wp-content\/uploads\/2023\/02\/LA-PAJARITA-DE-PAPEL-MANILA-acrilico-y-lapiz-color-s_tela-150-x-150-cm1-150x150.jpg 150w, https:\/\/cariloarte.com.ar\/admin\/wp-content\/uploads\/2023\/02\/LA-PAJARITA-DE-PAPEL-MANILA-acrilico-y-lapiz-color-s_tela-150-x-150-cm1-768x769.jpg 768w, https:\/\/cariloarte.com.ar\/admin\/wp-content\/uploads\/2023\/02\/LA-PAJARITA-DE-PAPEL-MANILA-acrilico-y-lapiz-color-s_tela-150-x-150-cm1-1534x1536.jpg 1534w, https:\/\/cariloarte.com.ar\/admin\/wp-content\/uploads\/2023\/02\/LA-PAJARITA-DE-PAPEL-MANILA-acrilico-y-lapiz-color-s_tela-150-x-150-cm1-400x400.jpg 400w, https:\/\/cariloarte.com.ar\/admin\/wp-content\/uploads\/2023\/02\/LA-PAJARITA-DE-PAPEL-MANILA-acrilico-y-lapiz-color-s_tela-150-x-150-cm1-100x100.jpg 100w\" sizes=\"auto, (max-width: 1024px) 100vw, 1024px\" \/><\/a><figcaption class=\"wp-element-caption\">La pajarita de papel manila <br>Acr\u00edlico y l\u00e1piz color sobre tela 150&#215;150 cm<\/figcaption><\/figure>\n<\/div>\n\n\n\n<div class=\"wp-block-column is-layout-flow wp-block-column-is-layout-flow\">\n<figure class=\"wp-block-image size-large is-resized\"><a href=\"https:\/\/cariloarte.com.ar\/admin\/wp-content\/uploads\/2023\/02\/berlusconigabrielpajarita.jpeg\"><img loading=\"lazy\" decoding=\"async\" src=\"https:\/\/cariloarte.com.ar\/admin\/wp-content\/uploads\/2023\/02\/berlusconigabrielpajarita-1024x546.jpeg\" alt=\"\" class=\"wp-image-468\" width=\"499\" height=\"266\" srcset=\"https:\/\/cariloarte.com.ar\/admin\/wp-content\/uploads\/2023\/02\/berlusconigabrielpajarita-1024x546.jpeg 1024w, https:\/\/cariloarte.com.ar\/admin\/wp-content\/uploads\/2023\/02\/berlusconigabrielpajarita-300x160.jpeg 300w, https:\/\/cariloarte.com.ar\/admin\/wp-content\/uploads\/2023\/02\/berlusconigabrielpajarita-768x410.jpeg 768w, https:\/\/cariloarte.com.ar\/admin\/wp-content\/uploads\/2023\/02\/berlusconigabrielpajarita.jpeg 1280w\" sizes=\"auto, (max-width: 499px) 100vw, 499px\" \/><\/a><\/figure>\n<\/div>\n<\/div>\n\n\n\n<div class=\"wp-block-columns is-layout-flex wp-container-core-columns-is-layout-3 wp-block-columns-is-layout-flex\">\n<div class=\"wp-block-column is-layout-flow wp-block-column-is-layout-flow\">\n<figure class=\"wp-block-image size-large\"><a href=\"https:\/\/cariloarte.com.ar\/admin\/wp-content\/uploads\/2023\/02\/elegialavaca.jpeg\"><img loading=\"lazy\" decoding=\"async\" width=\"1024\" height=\"1024\" src=\"https:\/\/cariloarte.com.ar\/admin\/wp-content\/uploads\/2023\/02\/elegialavaca-1024x1024.jpeg\" alt=\"\" class=\"wp-image-469\" srcset=\"https:\/\/cariloarte.com.ar\/admin\/wp-content\/uploads\/2023\/02\/elegialavaca-1024x1024.jpeg 1024w, https:\/\/cariloarte.com.ar\/admin\/wp-content\/uploads\/2023\/02\/elegialavaca-300x300.jpeg 300w, https:\/\/cariloarte.com.ar\/admin\/wp-content\/uploads\/2023\/02\/elegialavaca-150x150.jpeg 150w, https:\/\/cariloarte.com.ar\/admin\/wp-content\/uploads\/2023\/02\/elegialavaca-768x768.jpeg 768w, https:\/\/cariloarte.com.ar\/admin\/wp-content\/uploads\/2023\/02\/elegialavaca-400x400.jpeg 400w, https:\/\/cariloarte.com.ar\/admin\/wp-content\/uploads\/2023\/02\/elegialavaca-100x100.jpeg 100w, https:\/\/cariloarte.com.ar\/admin\/wp-content\/uploads\/2023\/02\/elegialavaca.jpeg 1280w\" sizes=\"auto, (max-width: 1024px) 100vw, 1024px\" \/><\/a><figcaption class=\"wp-element-caption\">Eleg\u00eda la vaca <br>Acr\u00edlico y l\u00e1piz color sobre tela montada 120&#215;120 cm<\/figcaption><\/figure>\n<\/div>\n\n\n\n<div class=\"wp-block-column is-layout-flow wp-block-column-is-layout-flow\">\n<figure class=\"wp-block-image size-large is-resized\"><a href=\"https:\/\/cariloarte.com.ar\/admin\/wp-content\/uploads\/2023\/02\/berlusconigabrielvaca.jpeg\"><img loading=\"lazy\" decoding=\"async\" src=\"https:\/\/cariloarte.com.ar\/admin\/wp-content\/uploads\/2023\/02\/berlusconigabrielvaca-1024x546.jpeg\" alt=\"\" class=\"wp-image-470\" width=\"510\" height=\"271\" srcset=\"https:\/\/cariloarte.com.ar\/admin\/wp-content\/uploads\/2023\/02\/berlusconigabrielvaca-1024x546.jpeg 1024w, https:\/\/cariloarte.com.ar\/admin\/wp-content\/uploads\/2023\/02\/berlusconigabrielvaca-300x160.jpeg 300w, https:\/\/cariloarte.com.ar\/admin\/wp-content\/uploads\/2023\/02\/berlusconigabrielvaca-768x410.jpeg 768w, https:\/\/cariloarte.com.ar\/admin\/wp-content\/uploads\/2023\/02\/berlusconigabrielvaca.jpeg 1280w\" sizes=\"auto, (max-width: 510px) 100vw, 510px\" \/><\/a><\/figure>\n<\/div>\n<\/div>\n\n\n\n<div class=\"wp-block-columns is-layout-flex wp-container-core-columns-is-layout-4 wp-block-columns-is-layout-flex\">\n<div class=\"wp-block-column is-layout-flow wp-block-column-is-layout-flow\">\n<figure class=\"wp-block-image size-full\"><a href=\"https:\/\/cariloarte.com.ar\/admin\/wp-content\/uploads\/2023\/02\/POTRERO-Acrilico-y-lapiz-color-s_tela-montada-100-x-100-cm.jpg\"><img loading=\"lazy\" decoding=\"async\" width=\"800\" height=\"533\" src=\"https:\/\/cariloarte.com.ar\/admin\/wp-content\/uploads\/2023\/02\/POTRERO-Acrilico-y-lapiz-color-s_tela-montada-100-x-100-cm.jpg\" alt=\"\" class=\"wp-image-473\" srcset=\"https:\/\/cariloarte.com.ar\/admin\/wp-content\/uploads\/2023\/02\/POTRERO-Acrilico-y-lapiz-color-s_tela-montada-100-x-100-cm.jpg 800w, https:\/\/cariloarte.com.ar\/admin\/wp-content\/uploads\/2023\/02\/POTRERO-Acrilico-y-lapiz-color-s_tela-montada-100-x-100-cm-300x200.jpg 300w, https:\/\/cariloarte.com.ar\/admin\/wp-content\/uploads\/2023\/02\/POTRERO-Acrilico-y-lapiz-color-s_tela-montada-100-x-100-cm-768x512.jpg 768w\" sizes=\"auto, (max-width: 800px) 100vw, 800px\" \/><\/a><figcaption class=\"wp-element-caption\">Potrero <br>Acr\u00edlico y l\u00e1piz color sobre tela montada 100&#215;100 cm<\/figcaption><\/figure>\n<\/div>\n\n\n\n<div class=\"wp-block-column is-layout-flow wp-block-column-is-layout-flow\">\n<figure class=\"wp-block-image size-large is-resized\"><a href=\"https:\/\/cariloarte.com.ar\/admin\/wp-content\/uploads\/2023\/02\/berlusconigabrielpotrero.jpeg\"><img loading=\"lazy\" decoding=\"async\" src=\"https:\/\/cariloarte.com.ar\/admin\/wp-content\/uploads\/2023\/02\/berlusconigabrielpotrero-1024x546.jpeg\" alt=\"\" class=\"wp-image-474\" width=\"520\" height=\"277\" srcset=\"https:\/\/cariloarte.com.ar\/admin\/wp-content\/uploads\/2023\/02\/berlusconigabrielpotrero-1024x546.jpeg 1024w, https:\/\/cariloarte.com.ar\/admin\/wp-content\/uploads\/2023\/02\/berlusconigabrielpotrero-300x160.jpeg 300w, https:\/\/cariloarte.com.ar\/admin\/wp-content\/uploads\/2023\/02\/berlusconigabrielpotrero-768x410.jpeg 768w, https:\/\/cariloarte.com.ar\/admin\/wp-content\/uploads\/2023\/02\/berlusconigabrielpotrero.jpeg 1280w\" sizes=\"auto, (max-width: 520px) 100vw, 520px\" \/><\/a><\/figure>\n<\/div>\n<\/div>\n\n\n\n<div class=\"wp-block-columns is-layout-flex wp-container-core-columns-is-layout-5 wp-block-columns-is-layout-flex\">\n<div class=\"wp-block-column is-layout-flow wp-block-column-is-layout-flow\">\n<figure class=\"wp-block-image size-large\"><a href=\"https:\/\/cariloarte.com.ar\/admin\/wp-content\/uploads\/2023\/02\/Titulo-FIGURABSTRACTA-4-tableros-de-47-x-47-cm.-c_u.-contenidos-dentro-de-un-marco-caja-de-120-x-120-cm.-Tecnica-Acrilico-y-lapiz-color-s_tela-montada.-Autor-Gabriel-Berlusconi-Ano-2020..jpeg\"><img loading=\"lazy\" decoding=\"async\" width=\"1024\" height=\"1024\" src=\"https:\/\/cariloarte.com.ar\/admin\/wp-content\/uploads\/2023\/02\/Titulo-FIGURABSTRACTA-4-tableros-de-47-x-47-cm.-c_u.-contenidos-dentro-de-un-marco-caja-de-120-x-120-cm.-Tecnica-Acrilico-y-lapiz-color-s_tela-montada.-Autor-Gabriel-Berlusconi-Ano-2020.-1024x1024.jpeg\" alt=\"\" class=\"wp-image-476\" srcset=\"https:\/\/cariloarte.com.ar\/admin\/wp-content\/uploads\/2023\/02\/Titulo-FIGURABSTRACTA-4-tableros-de-47-x-47-cm.-c_u.-contenidos-dentro-de-un-marco-caja-de-120-x-120-cm.-Tecnica-Acrilico-y-lapiz-color-s_tela-montada.-Autor-Gabriel-Berlusconi-Ano-2020.-1024x1024.jpeg 1024w, https:\/\/cariloarte.com.ar\/admin\/wp-content\/uploads\/2023\/02\/Titulo-FIGURABSTRACTA-4-tableros-de-47-x-47-cm.-c_u.-contenidos-dentro-de-un-marco-caja-de-120-x-120-cm.-Tecnica-Acrilico-y-lapiz-color-s_tela-montada.-Autor-Gabriel-Berlusconi-Ano-2020.-300x300.jpeg 300w, https:\/\/cariloarte.com.ar\/admin\/wp-content\/uploads\/2023\/02\/Titulo-FIGURABSTRACTA-4-tableros-de-47-x-47-cm.-c_u.-contenidos-dentro-de-un-marco-caja-de-120-x-120-cm.-Tecnica-Acrilico-y-lapiz-color-s_tela-montada.-Autor-Gabriel-Berlusconi-Ano-2020.-150x150.jpeg 150w, https:\/\/cariloarte.com.ar\/admin\/wp-content\/uploads\/2023\/02\/Titulo-FIGURABSTRACTA-4-tableros-de-47-x-47-cm.-c_u.-contenidos-dentro-de-un-marco-caja-de-120-x-120-cm.-Tecnica-Acrilico-y-lapiz-color-s_tela-montada.-Autor-Gabriel-Berlusconi-Ano-2020.-768x768.jpeg 768w, https:\/\/cariloarte.com.ar\/admin\/wp-content\/uploads\/2023\/02\/Titulo-FIGURABSTRACTA-4-tableros-de-47-x-47-cm.-c_u.-contenidos-dentro-de-un-marco-caja-de-120-x-120-cm.-Tecnica-Acrilico-y-lapiz-color-s_tela-montada.-Autor-Gabriel-Berlusconi-Ano-2020.-400x400.jpeg 400w, https:\/\/cariloarte.com.ar\/admin\/wp-content\/uploads\/2023\/02\/Titulo-FIGURABSTRACTA-4-tableros-de-47-x-47-cm.-c_u.-contenidos-dentro-de-un-marco-caja-de-120-x-120-cm.-Tecnica-Acrilico-y-lapiz-color-s_tela-montada.-Autor-Gabriel-Berlusconi-Ano-2020.-100x100.jpeg 100w, https:\/\/cariloarte.com.ar\/admin\/wp-content\/uploads\/2023\/02\/Titulo-FIGURABSTRACTA-4-tableros-de-47-x-47-cm.-c_u.-contenidos-dentro-de-un-marco-caja-de-120-x-120-cm.-Tecnica-Acrilico-y-lapiz-color-s_tela-montada.-Autor-Gabriel-Berlusconi-Ano-2020..jpeg 1280w\" sizes=\"auto, (max-width: 1024px) 100vw, 1024px\" \/><\/a><figcaption class=\"wp-element-caption\">Figura Abstracta <br>Acr\u00edlico y l\u00e1piz color sobre tela montada 120&#215;120 cm<\/figcaption><\/figure>\n<\/div>\n\n\n\n<div class=\"wp-block-column is-layout-flow wp-block-column-is-layout-flow\">\n<figure class=\"wp-block-image size-large is-resized\"><a href=\"https:\/\/cariloarte.com.ar\/admin\/wp-content\/uploads\/2023\/02\/berlusconigabrielfiguraabstracta.jpeg\"><img loading=\"lazy\" decoding=\"async\" src=\"https:\/\/cariloarte.com.ar\/admin\/wp-content\/uploads\/2023\/02\/berlusconigabrielfiguraabstracta-1024x546.jpeg\" alt=\"\" class=\"wp-image-478\" width=\"522\" height=\"278\" srcset=\"https:\/\/cariloarte.com.ar\/admin\/wp-content\/uploads\/2023\/02\/berlusconigabrielfiguraabstracta-1024x546.jpeg 1024w, https:\/\/cariloarte.com.ar\/admin\/wp-content\/uploads\/2023\/02\/berlusconigabrielfiguraabstracta-300x160.jpeg 300w, https:\/\/cariloarte.com.ar\/admin\/wp-content\/uploads\/2023\/02\/berlusconigabrielfiguraabstracta-768x410.jpeg 768w, https:\/\/cariloarte.com.ar\/admin\/wp-content\/uploads\/2023\/02\/berlusconigabrielfiguraabstracta.jpeg 1280w\" sizes=\"auto, (max-width: 522px) 100vw, 522px\" \/><\/a><\/figure>\n<\/div>\n<\/div>\n","protected":false},"excerpt":{"rendered":"","protected":false},"author":3,"featured_media":0,"parent":0,"menu_order":0,"comment_status":"closed","ping_status":"closed","template":"","meta":{"footnotes":""},"class_list":["post-204","page","type-page","status-publish","hentry"],"_links":{"self":[{"href":"https:\/\/cariloarte.com.ar\/admin\/wp-json\/wp\/v2\/pages\/204","targetHints":{"allow":["GET"]}}],"collection":[{"href":"https:\/\/cariloarte.com.ar\/admin\/wp-json\/wp\/v2\/pages"}],"about":[{"href":"https:\/\/cariloarte.com.ar\/admin\/wp-json\/wp\/v2\/types\/page"}],"author":[{"embeddable":true,"href":"https:\/\/cariloarte.com.ar\/admin\/wp-json\/wp\/v2\/users\/3"}],"replies":[{"embeddable":true,"href":"https:\/\/cariloarte.com.ar\/admin\/wp-json\/wp\/v2\/comments?post=204"}],"version-history":[{"count":7,"href":"https:\/\/cariloarte.com.ar\/admin\/wp-json\/wp\/v2\/pages\/204\/revisions"}],"predecessor-version":[{"id":479,"href":"https:\/\/cariloarte.com.ar\/admin\/wp-json\/wp\/v2\/pages\/204\/revisions\/479"}],"wp:attachment":[{"href":"https:\/\/cariloarte.com.ar\/admin\/wp-json\/wp\/v2\/media?parent=204"}],"curies":[{"name":"wp","href":"https:\/\/api.w.org\/{rel}","templated":true}]}}