{"id":338,"date":"2023-02-01T15:19:28","date_gmt":"2023-02-01T15:19:28","guid":{"rendered":"http:\/\/cariloarte.com\/admin\/?page_id=338"},"modified":"2023-02-25T22:56:02","modified_gmt":"2023-02-25T22:56:02","slug":"sainz-gabriel","status":"publish","type":"page","link":"https:\/\/cariloarte.com.ar\/admin\/sainz-gabriel\/","title":{"rendered":"Sainz Gabriel"},"content":{"rendered":"\n<div class=\"wp-block-columns is-layout-flex wp-container-core-columns-is-layout-1 wp-block-columns-is-layout-flex\">\n<div class=\"wp-block-column is-layout-flow wp-block-column-is-layout-flow\">\n<figure class=\"wp-block-image size-medium is-resized\"><a href=\"http:\/\/cariloarte.com\/admin\/wp-content\/uploads\/2023\/02\/2023-Avistaje-140-X-160-CM-Acrilico-sobre-tela.jpg\"><img loading=\"lazy\" decoding=\"async\" src=\"http:\/\/cariloarte.com\/admin\/wp-content\/uploads\/2023\/02\/2023-Avistaje-140-X-160-CM-Acrilico-sobre-tela-300x265.jpg\" alt=\"\" class=\"wp-image-298\" width=\"491\" height=\"433\" srcset=\"https:\/\/cariloarte.com.ar\/admin\/wp-content\/uploads\/2023\/02\/2023-Avistaje-140-X-160-CM-Acrilico-sobre-tela-300x265.jpg 300w, https:\/\/cariloarte.com.ar\/admin\/wp-content\/uploads\/2023\/02\/2023-Avistaje-140-X-160-CM-Acrilico-sobre-tela.jpg 695w\" sizes=\"auto, (max-width: 491px) 100vw, 491px\" \/><\/a><figcaption class=\"wp-element-caption\">Avistaje <br>Acr\u00edlico sobre tela 140&#215;160 cm<\/figcaption><\/figure>\n<\/div>\n\n\n\n<div class=\"wp-block-column is-layout-flow wp-block-column-is-layout-flow\">\n<figure class=\"wp-block-image size-large is-resized\"><a href=\"https:\/\/cariloarte.com.ar\/admin\/wp-content\/uploads\/2023\/02\/sainzgabrielavistaje.jpeg\"><img loading=\"lazy\" decoding=\"async\" src=\"https:\/\/cariloarte.com.ar\/admin\/wp-content\/uploads\/2023\/02\/sainzgabrielavistaje-1024x546.jpeg\" alt=\"\" class=\"wp-image-566\" width=\"508\" height=\"271\" srcset=\"https:\/\/cariloarte.com.ar\/admin\/wp-content\/uploads\/2023\/02\/sainzgabrielavistaje-1024x546.jpeg 1024w, https:\/\/cariloarte.com.ar\/admin\/wp-content\/uploads\/2023\/02\/sainzgabrielavistaje-300x160.jpeg 300w, https:\/\/cariloarte.com.ar\/admin\/wp-content\/uploads\/2023\/02\/sainzgabrielavistaje-768x410.jpeg 768w, https:\/\/cariloarte.com.ar\/admin\/wp-content\/uploads\/2023\/02\/sainzgabrielavistaje.jpeg 1280w\" sizes=\"auto, (max-width: 508px) 100vw, 508px\" \/><\/a><\/figure>\n<\/div>\n<\/div>\n\n\n\n<div class=\"wp-block-columns is-layout-flex wp-container-core-columns-is-layout-2 wp-block-columns-is-layout-flex\"><\/div>\n\n\n\n<div class=\"wp-block-columns is-layout-flex wp-container-core-columns-is-layout-3 wp-block-columns-is-layout-flex\">\n<div class=\"wp-block-column is-layout-flow wp-block-column-is-layout-flow\">\n<figure class=\"wp-block-image size-full is-resized\"><a href=\"https:\/\/cariloarte.com.ar\/admin\/wp-content\/uploads\/2023\/02\/sainzgabrielHogar-2.0-100-x-100-cm-1.jpeg\"><img loading=\"lazy\" decoding=\"async\" src=\"https:\/\/cariloarte.com.ar\/admin\/wp-content\/uploads\/2023\/02\/sainzgabrielHogar-2.0-100-x-100-cm-1.jpeg\" alt=\"\" class=\"wp-image-570\" width=\"384\" height=\"381\" srcset=\"https:\/\/cariloarte.com.ar\/admin\/wp-content\/uploads\/2023\/02\/sainzgabrielHogar-2.0-100-x-100-cm-1.jpeg 750w, https:\/\/cariloarte.com.ar\/admin\/wp-content\/uploads\/2023\/02\/sainzgabrielHogar-2.0-100-x-100-cm-1-300x298.jpeg 300w, https:\/\/cariloarte.com.ar\/admin\/wp-content\/uploads\/2023\/02\/sainzgabrielHogar-2.0-100-x-100-cm-1-150x150.jpeg 150w, https:\/\/cariloarte.com.ar\/admin\/wp-content\/uploads\/2023\/02\/sainzgabrielHogar-2.0-100-x-100-cm-1-100x100.jpeg 100w\" sizes=\"auto, (max-width: 384px) 100vw, 384px\" \/><\/a><figcaption class=\"wp-element-caption\">Hogar 2.0 <br>Acr\u00edlico sobre tela 100&#215;100 cm<\/figcaption><\/figure>\n<\/div>\n\n\n\n<div class=\"wp-block-column is-layout-flow wp-block-column-is-layout-flow\">\n<figure class=\"wp-block-image size-large\"><a href=\"https:\/\/cariloarte.com.ar\/admin\/wp-content\/uploads\/2023\/02\/sainzgabrielhogar.jpeg\"><img loading=\"lazy\" decoding=\"async\" width=\"1024\" height=\"768\" src=\"https:\/\/cariloarte.com.ar\/admin\/wp-content\/uploads\/2023\/02\/sainzgabrielhogar-1024x768.jpeg\" alt=\"\" class=\"wp-image-571\" srcset=\"https:\/\/cariloarte.com.ar\/admin\/wp-content\/uploads\/2023\/02\/sainzgabrielhogar-1024x768.jpeg 1024w, https:\/\/cariloarte.com.ar\/admin\/wp-content\/uploads\/2023\/02\/sainzgabrielhogar-300x225.jpeg 300w, https:\/\/cariloarte.com.ar\/admin\/wp-content\/uploads\/2023\/02\/sainzgabrielhogar-768x576.jpeg 768w, https:\/\/cariloarte.com.ar\/admin\/wp-content\/uploads\/2023\/02\/sainzgabrielhogar.jpeg 1280w\" sizes=\"auto, (max-width: 1024px) 100vw, 1024px\" \/><\/a><\/figure>\n<\/div>\n<\/div>\n\n\n\n<div class=\"wp-block-columns is-layout-flex wp-container-core-columns-is-layout-4 wp-block-columns-is-layout-flex\">\n<div class=\"wp-block-column is-layout-flow wp-block-column-is-layout-flow\">\n<figure class=\"wp-block-image size-full is-resized\"><a href=\"https:\/\/cariloarte.com.ar\/admin\/wp-content\/uploads\/2023\/02\/Cruzando-el-charco-2015-2022-100-x-100-cm-acrilico-2015_2022.jpeg\"><img loading=\"lazy\" decoding=\"async\" src=\"https:\/\/cariloarte.com.ar\/admin\/wp-content\/uploads\/2023\/02\/Cruzando-el-charco-2015-2022-100-x-100-cm-acrilico-2015_2022.jpeg\" alt=\"\" class=\"wp-image-575\" width=\"387\" height=\"383\" srcset=\"https:\/\/cariloarte.com.ar\/admin\/wp-content\/uploads\/2023\/02\/Cruzando-el-charco-2015-2022-100-x-100-cm-acrilico-2015_2022.jpeg 1024w, https:\/\/cariloarte.com.ar\/admin\/wp-content\/uploads\/2023\/02\/Cruzando-el-charco-2015-2022-100-x-100-cm-acrilico-2015_2022-300x298.jpeg 300w, https:\/\/cariloarte.com.ar\/admin\/wp-content\/uploads\/2023\/02\/Cruzando-el-charco-2015-2022-100-x-100-cm-acrilico-2015_2022-768x762.jpeg 768w, https:\/\/cariloarte.com.ar\/admin\/wp-content\/uploads\/2023\/02\/Cruzando-el-charco-2015-2022-100-x-100-cm-acrilico-2015_2022-100x100.jpeg 100w\" sizes=\"auto, (max-width: 387px) 100vw, 387px\" \/><\/a><figcaption class=\"wp-element-caption\">Cruzando el charco<br>Acr\u00edlico sobre tela 100&#215;100 cm<\/figcaption><\/figure>\n<\/div>\n\n\n\n<div class=\"wp-block-column is-layout-flow wp-block-column-is-layout-flow\">\n<figure class=\"wp-block-image size-large\"><a href=\"https:\/\/cariloarte.com.ar\/admin\/wp-content\/uploads\/2023\/02\/sainzgabrielcruzandoelcharco.jpeg\"><img loading=\"lazy\" decoding=\"async\" width=\"1024\" height=\"768\" src=\"https:\/\/cariloarte.com.ar\/admin\/wp-content\/uploads\/2023\/02\/sainzgabrielcruzandoelcharco-1024x768.jpeg\" alt=\"\" class=\"wp-image-577\" srcset=\"https:\/\/cariloarte.com.ar\/admin\/wp-content\/uploads\/2023\/02\/sainzgabrielcruzandoelcharco-1024x768.jpeg 1024w, https:\/\/cariloarte.com.ar\/admin\/wp-content\/uploads\/2023\/02\/sainzgabrielcruzandoelcharco-300x225.jpeg 300w, https:\/\/cariloarte.com.ar\/admin\/wp-content\/uploads\/2023\/02\/sainzgabrielcruzandoelcharco-768x576.jpeg 768w, https:\/\/cariloarte.com.ar\/admin\/wp-content\/uploads\/2023\/02\/sainzgabrielcruzandoelcharco.jpeg 1280w\" sizes=\"auto, (max-width: 1024px) 100vw, 1024px\" \/><\/a><\/figure>\n<\/div>\n<\/div>\n\n\n\n<div class=\"wp-block-columns is-layout-flex wp-container-core-columns-is-layout-5 wp-block-columns-is-layout-flex\">\n<div class=\"wp-block-column is-layout-flow wp-block-column-is-layout-flow\">\n<figure class=\"wp-block-image size-full\"><a href=\"https:\/\/cariloarte.com.ar\/admin\/wp-content\/uploads\/2023\/02\/2023-Dias-de-playa-II-100-x-100-cm-Acrilico-sobre-tela.jpg\"><img loading=\"lazy\" decoding=\"async\" width=\"666\" height=\"682\" src=\"https:\/\/cariloarte.com.ar\/admin\/wp-content\/uploads\/2023\/02\/2023-Dias-de-playa-II-100-x-100-cm-Acrilico-sobre-tela.jpg\" alt=\"\" class=\"wp-image-581\" srcset=\"https:\/\/cariloarte.com.ar\/admin\/wp-content\/uploads\/2023\/02\/2023-Dias-de-playa-II-100-x-100-cm-Acrilico-sobre-tela.jpg 666w, https:\/\/cariloarte.com.ar\/admin\/wp-content\/uploads\/2023\/02\/2023-Dias-de-playa-II-100-x-100-cm-Acrilico-sobre-tela-293x300.jpg 293w\" sizes=\"auto, (max-width: 666px) 100vw, 666px\" \/><\/a><figcaption class=\"wp-element-caption\">D\u00edas de playa II <br>Acr\u00edlico sobre tela 100&#215;100 cm<\/figcaption><\/figure>\n<\/div>\n\n\n\n<div class=\"wp-block-column is-layout-flow wp-block-column-is-layout-flow\">\n<figure class=\"wp-block-image size-large\"><a href=\"https:\/\/cariloarte.com.ar\/admin\/wp-content\/uploads\/2023\/02\/gabrielsainzdiasdeplaya.jpeg\"><img loading=\"lazy\" decoding=\"async\" width=\"1024\" height=\"886\" src=\"https:\/\/cariloarte.com.ar\/admin\/wp-content\/uploads\/2023\/02\/gabrielsainzdiasdeplaya-1024x886.jpeg\" alt=\"\" class=\"wp-image-582\" srcset=\"https:\/\/cariloarte.com.ar\/admin\/wp-content\/uploads\/2023\/02\/gabrielsainzdiasdeplaya-1024x886.jpeg 1024w, https:\/\/cariloarte.com.ar\/admin\/wp-content\/uploads\/2023\/02\/gabrielsainzdiasdeplaya-300x259.jpeg 300w, https:\/\/cariloarte.com.ar\/admin\/wp-content\/uploads\/2023\/02\/gabrielsainzdiasdeplaya-768x664.jpeg 768w, https:\/\/cariloarte.com.ar\/admin\/wp-content\/uploads\/2023\/02\/gabrielsainzdiasdeplaya.jpeg 1280w\" sizes=\"auto, (max-width: 1024px) 100vw, 1024px\" \/><\/a><\/figure>\n<\/div>\n<\/div>\n\n\n\n<div class=\"wp-block-columns is-layout-flex wp-container-core-columns-is-layout-6 wp-block-columns-is-layout-flex\">\n<div class=\"wp-block-column is-layout-flow wp-block-column-is-layout-flow\">\n<figure class=\"wp-block-image size-full\"><a href=\"https:\/\/cariloarte.com.ar\/admin\/wp-content\/uploads\/2023\/02\/Guardianes-de-la-estepa-120-x-140-cm.jpeg\"><img loading=\"lazy\" decoding=\"async\" width=\"1024\" height=\"768\" src=\"https:\/\/cariloarte.com.ar\/admin\/wp-content\/uploads\/2023\/02\/Guardianes-de-la-estepa-120-x-140-cm.jpeg\" alt=\"\" class=\"wp-image-585\" srcset=\"https:\/\/cariloarte.com.ar\/admin\/wp-content\/uploads\/2023\/02\/Guardianes-de-la-estepa-120-x-140-cm.jpeg 1024w, https:\/\/cariloarte.com.ar\/admin\/wp-content\/uploads\/2023\/02\/Guardianes-de-la-estepa-120-x-140-cm-300x225.jpeg 300w, https:\/\/cariloarte.com.ar\/admin\/wp-content\/uploads\/2023\/02\/Guardianes-de-la-estepa-120-x-140-cm-768x576.jpeg 768w\" sizes=\"auto, (max-width: 1024px) 100vw, 1024px\" \/><\/a><figcaption class=\"wp-element-caption\">Guardianes de la estepa <br>Acr\u00edlico sobre tela 120 x 140 cm<\/figcaption><\/figure>\n<\/div>\n\n\n\n<div class=\"wp-block-column is-layout-flow wp-block-column-is-layout-flow\">\n<figure class=\"wp-block-image size-large\"><a href=\"https:\/\/cariloarte.com.ar\/admin\/wp-content\/uploads\/2023\/02\/SainzGAbrielGuardianes.jpeg\"><img loading=\"lazy\" decoding=\"async\" width=\"1024\" height=\"681\" src=\"https:\/\/cariloarte.com.ar\/admin\/wp-content\/uploads\/2023\/02\/SainzGAbrielGuardianes-1024x681.jpeg\" alt=\"\" class=\"wp-image-586\" srcset=\"https:\/\/cariloarte.com.ar\/admin\/wp-content\/uploads\/2023\/02\/SainzGAbrielGuardianes-1024x681.jpeg 1024w, https:\/\/cariloarte.com.ar\/admin\/wp-content\/uploads\/2023\/02\/SainzGAbrielGuardianes-300x199.jpeg 300w, https:\/\/cariloarte.com.ar\/admin\/wp-content\/uploads\/2023\/02\/SainzGAbrielGuardianes-768x511.jpeg 768w, https:\/\/cariloarte.com.ar\/admin\/wp-content\/uploads\/2023\/02\/SainzGAbrielGuardianes.jpeg 1280w\" sizes=\"auto, (max-width: 1024px) 100vw, 1024px\" \/><\/a><\/figure>\n<\/div>\n<\/div>\n\n\n\n<div class=\"wp-block-columns is-layout-flex wp-container-core-columns-is-layout-7 wp-block-columns-is-layout-flex\">\n<div class=\"wp-block-column is-layout-flow wp-block-column-is-layout-flow\">\n<figure class=\"wp-block-image size-full\"><a href=\"https:\/\/cariloarte.com.ar\/admin\/wp-content\/uploads\/2023\/02\/sainzverificaciontecnica-1.png\"><img loading=\"lazy\" decoding=\"async\" width=\"640\" height=\"310\" src=\"https:\/\/cariloarte.com.ar\/admin\/wp-content\/uploads\/2023\/02\/sainzverificaciontecnica-1.png\" alt=\"\" class=\"wp-image-589\" srcset=\"https:\/\/cariloarte.com.ar\/admin\/wp-content\/uploads\/2023\/02\/sainzverificaciontecnica-1.png 640w, https:\/\/cariloarte.com.ar\/admin\/wp-content\/uploads\/2023\/02\/sainzverificaciontecnica-1-300x145.png 300w\" sizes=\"auto, (max-width: 640px) 100vw, 640px\" \/><\/a><figcaption class=\"wp-element-caption\">Verificaci\u00f3n t\u00e9cnica Acr\u00edlico sobre tela 60&#215;140 cm<\/figcaption><\/figure>\n<\/div>\n\n\n\n<div class=\"wp-block-column is-layout-flow wp-block-column-is-layout-flow\">\n<figure class=\"wp-block-image size-large\"><a href=\"https:\/\/cariloarte.com.ar\/admin\/wp-content\/uploads\/2023\/02\/sainzverificaciontecnica.jpeg\"><img loading=\"lazy\" decoding=\"async\" width=\"1024\" height=\"768\" src=\"https:\/\/cariloarte.com.ar\/admin\/wp-content\/uploads\/2023\/02\/sainzverificaciontecnica-1024x768.jpeg\" alt=\"\" class=\"wp-image-590\" srcset=\"https:\/\/cariloarte.com.ar\/admin\/wp-content\/uploads\/2023\/02\/sainzverificaciontecnica-1024x768.jpeg 1024w, https:\/\/cariloarte.com.ar\/admin\/wp-content\/uploads\/2023\/02\/sainzverificaciontecnica-300x225.jpeg 300w, https:\/\/cariloarte.com.ar\/admin\/wp-content\/uploads\/2023\/02\/sainzverificaciontecnica-768x576.jpeg 768w, https:\/\/cariloarte.com.ar\/admin\/wp-content\/uploads\/2023\/02\/sainzverificaciontecnica.jpeg 1280w\" sizes=\"auto, (max-width: 1024px) 100vw, 1024px\" \/><\/a><\/figure>\n<\/div>\n<\/div>\n","protected":false},"excerpt":{"rendered":"","protected":false},"author":3,"featured_media":0,"parent":0,"menu_order":0,"comment_status":"closed","ping_status":"closed","template":"","meta":{"footnotes":""},"class_list":["post-338","page","type-page","status-publish","hentry"],"_links":{"self":[{"href":"https:\/\/cariloarte.com.ar\/admin\/wp-json\/wp\/v2\/pages\/338","targetHints":{"allow":["GET"]}}],"collection":[{"href":"https:\/\/cariloarte.com.ar\/admin\/wp-json\/wp\/v2\/pages"}],"about":[{"href":"https:\/\/cariloarte.com.ar\/admin\/wp-json\/wp\/v2\/types\/page"}],"author":[{"embeddable":true,"href":"https:\/\/cariloarte.com.ar\/admin\/wp-json\/wp\/v2\/users\/3"}],"replies":[{"embeddable":true,"href":"https:\/\/cariloarte.com.ar\/admin\/wp-json\/wp\/v2\/comments?post=338"}],"version-history":[{"count":9,"href":"https:\/\/cariloarte.com.ar\/admin\/wp-json\/wp\/v2\/pages\/338\/revisions"}],"predecessor-version":[{"id":779,"href":"https:\/\/cariloarte.com.ar\/admin\/wp-json\/wp\/v2\/pages\/338\/revisions\/779"}],"wp:attachment":[{"href":"https:\/\/cariloarte.com.ar\/admin\/wp-json\/wp\/v2\/media?parent=338"}],"curies":[{"name":"wp","href":"https:\/\/api.w.org\/{rel}","templated":true}]}}